{"id":12730,"date":"2021-05-25T12:04:31","date_gmt":"2021-05-25T10:04:31","guid":{"rendered":"https:\/\/www.setolite.com\/de\/?page_id=12730"},"modified":"2025-03-25T15:05:43","modified_gmt":"2025-03-25T14:05:43","slug":"aldebaran-v-mag-system","status":"publish","type":"page","link":"https:\/\/www.setolite.com\/de\/aldebaran-v-mag-system\/","title":{"rendered":"ALDEBARAN V-MAG SYSTEM"},"content":{"rendered":"<div class=\"row\">\n<div class=\"col-sm-6\">\n<img decoding=\"async\" src=\"https:\/\/www.setolite.com\/de\/wp-content\/uploads\/sites\/2\/2025\/03\/kran-v-mag.jpg\" alt=\"ALDEBARAN VMAG\" style=\"width:400px\" \/><br \/>\n<img decoding=\"async\" src=\"https:\/\/www.setolite.com\/de\/wp-content\/uploads\/sites\/2\/2025\/03\/VMAG-Cloud-Neu-1.jpg\" alt=\"ALDEBARAN VMAG SYSTEM\" style=\"width:400px\" \/><br \/>\n<img decoding=\"async\" src=\"https:\/\/www.setolite.com\/de\/wp-content\/uploads\/sites\/2\/2025\/03\/VMAG-Cloud-Neu-6.jpg\" alt=\"ALDEBARAN VMAG\" 500R style=\"width:400px\" \/><br \/>\n<img decoding=\"async\" src=\"https:\/\/www.setolite.com\/de\/wp-content\/uploads\/sites\/2\/2025\/03\/VMAG-Cloud-Neu-5.jpg\" alt=\"ALDEBARAN VMAG TULIP IP65\" style=\"width:400px\" \/><br \/>\n<img decoding=\"async\" src=\"https:\/\/www.setolite.com\/de\/wp-content\/uploads\/sites\/2\/2025\/03\/VMAG-Cloud-Neu-3.jpg\" alt=\"ALDEBARAN VMAG FLAT3030\"  style=\"width:400px\"\/><\/p>\n<\/div>\n<div class=\"col-sm-6\">\n<h3>VISUELLE UNTERST\u00dcTZUNG MIT DEM ALDEBARAN\u00ae V-MAG SYSTEM<\/h3>\n<p>Leitsystem f\u00fcr ein sicheres Umleiten von Personen aus Gefahrenzonen. Einfach steuerbar \u00fcber eine zentrale Leitstelle per SETO-CLOUD.<\/p>\n<p><strong>V-MAG steht f\u00fcr:<br \/>\nVisual. Mobile. Autarkic Guidance. Denn mit den verschiedenen ALDEBARAN\u00ae V-MAG Systemen k\u00f6nnen Sie Personengruppen gezielt informieren und lenken \u2013 immer und an jedem Ort.<\/strong><\/p>\n<p>Im Gegensatz zu klassischen Schildern und Anzeigetafeln sind die Produkte der <strong>ALDEBARAN\u00ae V-MAG<\/strong> Familie jedoch nicht nur robust und wetterfest, sondern vor allem frei programmierbar und das an jedem beliebigen Einsatzort. So k\u00f6nnen Sie mit einem einzigen System verschiedene Anwendungsf\u00e4lle nachhaltig abdecken.<\/p>\n<p>Urspr\u00fcnglich entwickelt, um im Notfall Personengruppen schnell und effizient um Schadenspl\u00e4tze herum zu navigieren, kann <strong>ALDEBARAN\u00ae V-MAG<\/strong> viel mehr. Denn alle Systeme verbindet eins: Sie sind leicht zu transportieren, schnell aufgebaut und 100% autark. Das erm\u00f6glicht den Einsatz sowohl als Leit-System mit Evakuierungsplan wie als auch als Wegbeschilderung auf Events oder sogar als mobile Werbetafel. Die Anwendungen sind nahezu unbegrenzt.<\/p>\n<p>Mit dem V-MAG erhalten Sie ein universelles Werkzeug, um Informationen visuell zu \u00fcbermitteln. Dank USB-, 4G, WLAN und LAN-Schnittstellen sind die Ger\u00e4te au\u00dferdem mit nahezu jeder beliebigen Standard-Hardware steuerbar. Der Betrieb erfolgt per integriertem Akku oder 230 V Anschluss. <strong>Somit bedeutet V-MAG:<\/strong> Gezielt Informationen an Personen \u00fcbertragen &#8211; schnell, einfach und an jedem Ort.<\/p>\n<h2>Bestellen Sie <a href=\"https:\/\/www.setolite.com\/de\/v-mag-broschuere-anfordern\/\">hier <\/a><br \/>die aktuelle Brosch\u00fcre<\/h2>\n<\/div>\n<\/div>\n","protected":false},"excerpt":{"rendered":"<p>VISUELLE UNTERST\u00dcTZUNG MIT DEM ALDEBARAN\u00ae V-MAG SYSTEM Leitsystem f\u00fcr ein sicheres Umleiten von Personen aus Gefahrenzonen. Einfach steuerbar \u00fcber eine zentrale Leitstelle per SETO-CLOUD. V-MAG steht f\u00fcr: Visual. Mobile. Autarkic Guidance. Denn mit den verschiedenen ALDEBARAN\u00ae V-MAG Systemen k\u00f6nnen Sie Personengruppen gezielt informieren und lenken \u2013 immer und an jedem Ort. Im Gegensatz zu klassischen &hellip; <\/p>\n<p class=\"link-more\"><a href=\"https:\/\/www.setolite.com\/de\/aldebaran-v-mag-system\/\" class=\"more-link\"><span class=\"screen-reader-text\">\u201eALDEBARAN V-MAG SYSTEM\u201c<\/span> weiterlesen<\/a><\/p>\n","protected":false},"author":1,"featured_media":0,"parent":0,"menu_order":0,"comment_status":"closed","ping_status":"closed","template":"","meta":{"footnotes":""},"class_list":["post-12730","page","type-page","status-publish","hentry"],"_links":{"self":[{"href":"https:\/\/www.setolite.com\/de\/wp-json\/wp\/v2\/pages\/12730","targetHints":{"allow":["GET"]}}],"collection":[{"href":"https:\/\/www.setolite.com\/de\/wp-json\/wp\/v2\/pages"}],"about":[{"href":"https:\/\/www.setolite.com\/de\/wp-json\/wp\/v2\/types\/page"}],"author":[{"embeddable":true,"href":"https:\/\/www.setolite.com\/de\/wp-json\/wp\/v2\/users\/1"}],"replies":[{"embeddable":true,"href":"https:\/\/www.setolite.com\/de\/wp-json\/wp\/v2\/comments?post=12730"}],"version-history":[{"count":8,"href":"https:\/\/www.setolite.com\/de\/wp-json\/wp\/v2\/pages\/12730\/revisions"}],"predecessor-version":[{"id":20823,"href":"https:\/\/www.setolite.com\/de\/wp-json\/wp\/v2\/pages\/12730\/revisions\/20823"}],"wp:attachment":[{"href":"https:\/\/www.setolite.com\/de\/wp-json\/wp\/v2\/media?parent=12730"}],"curies":[{"name":"wp","href":"https:\/\/api.w.org\/{rel}","templated":true}]}}