{"id":14555,"date":"2022-05-03T10:16:42","date_gmt":"2022-05-03T08:16:42","guid":{"rendered":"https:\/\/www.setolite.com\/de\/?page_id=14555"},"modified":"2024-01-16T12:14:20","modified_gmt":"2024-01-16T11:14:20","slug":"entsorgung-elektroaltgeraete","status":"publish","type":"page","link":"https:\/\/www.setolite.com\/de\/entsorgung-elektroaltgeraete\/","title":{"rendered":"Entsorgung Elektroaltger\u00e4te"},"content":{"rendered":"<h2>Information \u00fcber die umweltgerechte Entsorgung und R\u00fcckgabem\u00f6glichkeit von Elektroaltger\u00e4ten und Batterien<\/h2>\n<p><strong>SETOLITE<\/strong> nimmt seine abfallrechtliche Verpflichtung als Hersteller von Elektroger\u00e4ten und Elektroger\u00e4ten, in denen Batterien \/ Akkumulatoren enthalten sind sehr ernst. Hiermit m\u00f6chten wir Sie \u00fcber wichtige Inhalte des Elektro- &amp; Elektronikger\u00e4tegesetzes (ElektroG) sowie des Batteriegesetzes (BattG) informieren sowie die M\u00f6glichkeiten aufzeigen, wie Sie Ihre Elektroaltger\u00e4te bzw. Altbatterien zur\u00fcckgeben k\u00f6nnen.<\/p>\n<p>Das grundliegende Ziel des Elektrogesetzes ist der Schutz von Umwelt und Gesundheit. Zus\u00e4tzlich soll es helfen, nat\u00fcrliche Ressourcen zu schonen. Voraussetzung daf\u00fcr ist es, Abf\u00e4lle zu vermeiden und m\u00f6glichst effizient zu verwerten. Das ElektroG verpflichtet u.a. die Hersteller, Verantwortung f\u00fcr den gesamten Lebenszyklus ihrer Produkte zu \u00fcbernehmen.<\/p>\n<p>Der Zweck des BattG ist es, die R\u00fccklaufmenge von Batterien und Akkumulatoren zu erh\u00f6hen, da diese umwelt- und gesundheitsgef\u00e4hrdende Stoffe enthalten. Das Gesetz nimmt Hersteller, Vertreiber oder Importeure von Batterien in die Pflicht, sich an den Entsorgungskosten und R\u00fccknahmem\u00f6glichkeiten ihrer Produkte zu beteiligen.<\/p>\n<p>Weitere Informationen \u00fcber die Gesetze finden Sie auf der Webseite des Umweltbundesamtes:<br \/>\n<a title=\"externer Link\" target=\"_blank\" href=\"https:\/\/www.umweltbundesamt.de\/themen\/abfall-ressourcen\/produktverantwortung-in-der-abfallwirtschaft\/elektroaltgeraete\/elektro-elektronikgeraetegesetz\" rel=\"noopener\"><i class=\"fas fa-external-link-alt\"><\/i> Umweltbundesamt &#8211; ElektroG<\/a><br \/>\n<a title=\"externer Link\" target=\"_blank\" href=\"https:\/\/www.umweltbundesamt.de\/themen\/abfall-ressourcen\/produktverantwortung-in-der-abfallwirtschaft\/batterien-altbatterien#batterieaufkommen-in-deutschland-sammelquoten-und-recyclingeffizienzen\" rel=\"noopener\"><i class=\"fas fa-external-link-alt\"><\/i> Umweltbundesamt &#8211; BattG<\/a><\/p>\n<h2>Informationen zur R\u00fcckgabe und Entsorgung von B2B-Elektroaltger\u00e4ten<\/h2>\n<h3>Was sind B2B-Elektroger\u00e4te?<\/h3>\n<p>B2B-Elektroger\u00e4te im Sinne des Elektrogesetzes sind Ger\u00e4te, die ausschlie\u00dflich in anderen als privaten Haushalten genutzt werden und Ger\u00e4te, die gew\u00f6hnlich nicht in privaten Haushalten genutzt werden.<\/p>\n<h3>Wichtige Informationen nach ElektroG \u00a719a<\/h3>\n<ol class=\"lettered_list\">\n<li><strong>a) Getrennte Entsorgung<\/strong>\n<div style=\"overflow: hidden;\">\n<img decoding=\"async\" src=\"https:\/\/setolite.com\/wp-content\/themes\/setolite\/assets\/icons\/durchgestrichene_muelltonne_mit_balken.svg\" style=\"width: 80px; height: auto; margin-right: 15px; margin-top: 5px; float: left\">Wir weisen alle Besitzer von B2B-Elektroger\u00e4ten darauf hin, dass sie gesetzlich verpflichtet sind, diese Ger\u00e4te einer vom unsortierten Siedlungsabfall getrennten Erfassung zuzuf\u00fchren. Danach sind insbesondere die Entsorgung von Elektroaltger\u00e4ten \u00fcber die Restm\u00fclltonne oder die gelbe Tonne untersagt. Nach Ablauf der \u00dcbergangsfrist, die am 31.12.2022 endet, m\u00fcssen auch alle in Deutschland vertriebenen B2B-Ger\u00e4te mit dem Symbol der durchgestrichenen M\u00fclltonne gekennzeichnet werden. Dies ist derzeit noch nicht bei allen unseren B2B-Elektroger\u00e4ten der Fall.<\/div>\n<\/li>\n<li><strong>b) Entnahme von Batterien oder Akkus sowie Lampen<\/strong><br \/>\nBesitzer von Elektroaltger\u00e4ten sind gesetzlich verpflichtet, vor der Abgabe dieser Altger\u00e4te, die Altbatterien und Altakkumulatoren sowie Lampen zu entnehmen, sofern diese nicht in Altger\u00e4ten verbaut sind.<\/li>\n<li><strong>c) L\u00f6schung der personenbezogenen Daten<\/strong><br \/>\nAuf zu entsorgenden Altger\u00e4ten befinden sich teilweise sensible personenbezogene Daten (etwa auf einem PC oder einem Smartphone), die nicht in die H\u00e4nde Dritter gelangen d\u00fcrfen. Wir weisen ausdr\u00fccklich darauf hin, dass Endnutzer von Elektroaltger\u00e4ten f\u00fcr das L\u00f6schen personenbezogener Daten auf den zu entsorgenden Altger\u00e4ten selbst verantwortlich sind.<\/li>\n<li><strong>d) Welche M\u00f6glichkeit haben SETOLITE Kunden von B2B-Elektroger\u00e4ten<\/strong><br \/>\nDer Gesetzgeber gibt vor, Nutzern von B2B-Elektroger\u00e4ten eine zumutbare R\u00fcckgabem\u00f6glichkeit der erworbenen Ger\u00e4te zu schaffen. <strong>SETOLITE<\/strong> \u00fcbernimmt die Kosten f\u00fcr die Behandlung, das Recycling und die Wiedergewinnung der Produkte. Im Gegenzug bittet <strong>SETOLITE<\/strong> seine Kunden, die Kosten f\u00fcr den Transport der B2B-Elektroaltger\u00e4te an uns zu tragen. Um ein Elektroaltger\u00e4t von <strong>SETOLITE<\/strong> dem Recycling zuzuf\u00fchren, kontaktieren Sie uns bitte \u00fcber <a href=\"mailto:recycling@setolite.de?subject=Anfrage%20R\u00fcckgabe%20Elektroaltger\u00e4t\">recycling@setolite.de<\/a>. Sie erhalten von uns ein R\u00fccksendeformular, welches durch ihre Angaben zum Produkt und Firma erg\u00e4nzt wird, um eine umweltgerechte Entsorgung ihres Altger\u00e4tes durchzuf\u00fchren.<\/li>\n<\/ol>\n<p><strong>HINWEIS:<\/strong> Das R\u00fccksendeformular dient nur der Zuordnung und Erfassung des Produktes und ist kein Paketschein f\u00fcr einen kostenfreien Versand. Der Versand des Altger\u00e4tes ist durch Sie eigenst\u00e4ndig und auf eigene Kosten durchzuf\u00fchren.<\/p>\n","protected":false},"excerpt":{"rendered":"<p>Information \u00fcber die umweltgerechte Entsorgung und R\u00fcckgabem\u00f6glichkeit von Elektroaltger\u00e4ten und Batterien SETOLITE nimmt seine abfallrechtliche Verpflichtung als Hersteller von Elektroger\u00e4ten und Elektroger\u00e4ten, in denen Batterien \/ Akkumulatoren enthalten sind sehr ernst. Hiermit m\u00f6chten wir Sie \u00fcber wichtige Inhalte des Elektro- &amp; Elektronikger\u00e4tegesetzes (ElektroG) sowie des Batteriegesetzes (BattG) informieren sowie die M\u00f6glichkeiten aufzeigen, wie Sie Ihre &hellip; <\/p>\n<p class=\"link-more\"><a href=\"https:\/\/www.setolite.com\/de\/entsorgung-elektroaltgeraete\/\" class=\"more-link\"><span class=\"screen-reader-text\">\u201eEntsorgung Elektroaltger\u00e4te\u201c<\/span> weiterlesen<\/a><\/p>\n","protected":false},"author":1,"featured_media":0,"parent":0,"menu_order":0,"comment_status":"closed","ping_status":"closed","template":"","meta":{"footnotes":""},"class_list":["post-14555","page","type-page","status-publish","hentry"],"_links":{"self":[{"href":"https:\/\/www.setolite.com\/de\/wp-json\/wp\/v2\/pages\/14555","targetHints":{"allow":["GET"]}}],"collection":[{"href":"https:\/\/www.setolite.com\/de\/wp-json\/wp\/v2\/pages"}],"about":[{"href":"https:\/\/www.setolite.com\/de\/wp-json\/wp\/v2\/types\/page"}],"author":[{"embeddable":true,"href":"https:\/\/www.setolite.com\/de\/wp-json\/wp\/v2\/users\/1"}],"replies":[{"embeddable":true,"href":"https:\/\/www.setolite.com\/de\/wp-json\/wp\/v2\/comments?post=14555"}],"version-history":[{"count":24,"href":"https:\/\/www.setolite.com\/de\/wp-json\/wp\/v2\/pages\/14555\/revisions"}],"predecessor-version":[{"id":14579,"href":"https:\/\/www.setolite.com\/de\/wp-json\/wp\/v2\/pages\/14555\/revisions\/14579"}],"wp:attachment":[{"href":"https:\/\/www.setolite.com\/de\/wp-json\/wp\/v2\/media?parent=14555"}],"curies":[{"name":"wp","href":"https:\/\/api.w.org\/{rel}","templated":true}]}}