{"id":17,"date":"2019-07-18T11:58:55","date_gmt":"2019-07-18T09:58:55","guid":{"rendered":"http:\/\/localhost\/setolite2019\/de\/physikalische-grundbegriffe-allgemeine-begriffe-in-der-led-technologie\/"},"modified":"2025-06-04T15:51:23","modified_gmt":"2025-06-04T13:51:23","slug":"physikalische-grundbegriffe-allgemeine-begriffe-in-der-led-technologie","status":"publish","type":"page","link":"https:\/\/www.setolite.com\/de\/physikalische-grundbegriffe-allgemeine-begriffe-in-der-led-technologie\/","title":{"rendered":"Physikalische Grundbegriffe  &#038; Allgemeine Begriffe in der LED-Technologie"},"content":{"rendered":"<h2>Physikalische Grundbegriffe<\/h2>\n<h3>Licht \u2013 Luminare \u2013 elektromagnetische Welle<\/h3>\n<p><a href=\"http:\/\/www.setolite.com\/wp-content\/uploads\/2019\/07\/licht-elektromagnetische-well.jpg\"><img loading=\"lazy\" decoding=\"async\" class=\"alignnone wp-image-326 size-full\" src=\"http:\/\/www.setolite.com\/wp-content\/uploads\/2019\/07\/licht-elektromagnetische-well.jpg\" alt=\"Licht als elektromagnetische Welle\" width=\"600\" height=\"64\" \/><\/a><\/p>\n<p>Im sichtbaren Bereich herrschen 380 nm und 780 nm die sich mit Lichtgeschwindigkeit von 299792458 m\/s ausbreiten.<br \/>\nQuelle: <a href=\"https:\/\/de.wikipedia.org\/wiki\/Licht\" target=\"_blank\" rel=\"noopener noreferrer\">Licht<\/a><\/p>\n<h2>Lichtstrom<\/h2>\n<p>Engl. Luminous Flux gibt an, welche Lichtmenge von einer Lichtquelle (Leuchtmittel) in der Zeiteinheit erzeugt wird. Seine Si-Einheit ist das Lumen.<br \/>\n<a href=\"http:\/\/www.setolite.com\/wp-content\/uploads\/2019\/07\/ulbricht-kugel-setolite.jpg\"><img loading=\"lazy\" decoding=\"async\" class=\"alignnone wp-image-322 size-medium\" src=\"http:\/\/www.setolite.com\/wp-content\/uploads\/2019\/07\/ulbricht-kugel-setolite-300x199.jpg\" alt=\"Unsere Ulbricht-Kugel\" width=\"300\" height=\"199\" \/><\/a><\/p>\n<p><span style=\"border-left: 3px solid #ee2; padding-left: 10px; display: inline-block;\">Merke: Lumen (Lichtstrom) kann nur durch entsprechende Messvorrichtungen gemessen werden.<\/span><br \/>\nQuelle: <a href=\"https:\/\/de.wikipedia.org\/wiki\/Lichtstrom\" target=\"_blank\" rel=\"noopener noreferrer\">Lichtstrom<\/a><\/p>\n<h2>Beleuchtungsst\u00e4rke<\/h2>\n<p>Die Beleuchtungsst\u00e4rke auf einer beleuchteten Fl\u00e4che gibt an, welcher Lichtstrom in Lumen auf eine Fl\u00e4cheneinheit in Quadratmetern f\u00e4llt.<\/p>\n<p>1 Lux = 1 Lumen \/ 1 qm<\/p>\n<p><span style=\"border-left: 3px solid #ee2; padding-left: 10px; display: inline-block;\"><strong>Merke:<\/strong> Die Beleuchtungsst\u00e4rke (Lux) kann mit einem einfachen Messger\u00e4t, welches bereits f\u00fcr wenige Euro erh\u00e4ltlich ist, gemessen werden.<\/span><br \/>\nQuelle: <a href=\"https:\/\/de.wikipedia.org\/wiki\/Lichtstrom#Beleuchtungsst.C3.A4rke\" target=\"_blank\" rel=\"noopener noreferrer\">Beleuchtungsst\u00e4rke<\/a><\/p>\n<h2>Wirkungsgrad LOR<\/h2>\n<p>Ma\u00df der Effizienz von Energiewandlungen und \u00dcbertragungen. Es wird das Verh\u00e4ltnis der Nutzenergie (Eab) zur zugef\u00fcgten Energie (Ezu) beschrieben.<br \/>\n<a href=\"http:\/\/www.setolite.com\/wp-content\/uploads\/2019\/07\/ngede.jpg\"><img loading=\"lazy\" decoding=\"async\" class=\"alignleft wp-image-327 size-full\" src=\"http:\/\/www.setolite.com\/wp-content\/uploads\/2019\/07\/ngede.jpg\" alt=\"n = Eab \/ Ezu\" width=\"58\" height=\"40\" \/><\/a><\/p>\n<p>Das Ergebnis liegt zwischen 0 und 1 als Dezimalzahl die auch in Prozent ausgedr\u00fcckt werden kann. Beispiel: \u03b7 = 0,5 entspricht 50%<\/p>\n<p><strong>In der Lichttechnik spricht man von LOR<\/strong> (Wirkungsgrad der Leuchte) = <em>Light \u2013 Output \u2013 Ratio<br \/>\n<\/em><a href=\"http:\/\/www.setolite.com\/wp-content\/uploads\/2019\/07\/lor.jpg\"><img loading=\"lazy\" decoding=\"async\" class=\"alignleft wp-image-329 size-full\" src=\"http:\/\/www.setolite.com\/wp-content\/uploads\/2019\/07\/lor.jpg\" alt=\"LOR = Real Lumen \/ Herstellerangaben der LED in Lumen\" width=\"284\" height=\"40\" \/><\/a><\/p>\n<p>Quelle: <a href=\"https:\/\/de.wikipedia.org\/wiki\/Wirkungsgrad\" target=\"_blank\" rel=\"noopener noreferrer\">Wirkungsgrad<\/a><\/p>\n<h2>Real Lumen<\/h2>\n<p>Real Lumen ist der tats\u00e4chliche Lichtstrom der Leuchte und nicht des Leuchtmittels!<\/p>\n<p><span style=\"border-left: 3px solid #ee2; padding-left: 10px; display: inline-block;\"><strong>Merke:<\/strong> Da es bislang keine gesetzliche Regelung gibt, werben fast alle Hersteller ausschlie\u00dflich mit dem Lichtstrom (Lumen) des Leuchtmittels. Damit ist keine Beurteilung der Leuchte m\u00f6glich! Um eine Aussage zum Produkt machen zu k\u00f6nnen, ben\u00f6tigen Sie zwingend den Wirkungsgrad (LOR) der Leuchte oder den tats\u00e4chlichen Real Lumen Wert der Leuchte oder den Leuchten Wirkungsgrad \u03b7 (LOR).<\/span><\/p>\n<p><strong>Beispiel:<\/strong> Glas, Reflektion im Geh\u00e4use, Verschattung, Eintr\u00fcbungen in Kunststofflinse etc. hemmen den Transmissionsgrad, d.h. das Licht geht \u201everloren\u201c.<\/p>\n<h2>Transmission \/ unter Optik<\/h2>\n<p>Messbeispiel im Versuchsaufbau:<br \/>\n<a href=\"https:\/\/www.setolite.com\/de\/wp-content\/uploads\/sites\/2\/2025\/04\/transmission-ohne-gehaeuse.jpg\" target=\"_blank\" rel=\"noopener noreferrer\">Transmission ohne Geh\u00e4use<\/a><br \/>\nohne &#8222;Geh\u00e4use&#8220; 657 Lux<br \/>\n<a href=\"https:\/\/www.setolite.com\/de\/wp-content\/uploads\/sites\/2\/2025\/04\/transmission-mit-gehaeuse.jpg\" target=\"_blank\" rel=\"noopener noreferrer\">Transmission mit Geh\u00e4use<\/a><br \/>\nMit &#8222;Geh\u00e4use&#8220; 498 Lux<\/p>\n<p><a href=\"http:\/\/www.setolite.com\/wp-content\/uploads\/2019\/07\/nlor.jpg\"><img loading=\"lazy\" decoding=\"async\" class=\"alignleft wp-image-328 size-medium\" src=\"http:\/\/www.setolite.com\/wp-content\/uploads\/2019\/07\/nlor-300x32.jpg\" alt=\"\u03b7 LOR (Wirkungsgrad) = 498 Lux \/ 657 Lux = 0,758 oder 75,8%\" width=\"300\" height=\"32\" \/><\/a><\/p>\n<p>Hier sehen Sie, dass fast 25% des Lichtes verloren gehen. W\u00e4rme dr\u00fcckt zus\u00e4tzlich den Wirkungsgrad erheblich nach unten! Deshalb sollten vor einem Messvorgang die Leuchten min. 1 Stunde vorher eingeschaltet sein. Wirkungsgrade (LORs) unter 50% sind keine Seltenheit.<\/p>\n<p>Quelle: <a href=\"https:\/\/de.wikipedia.org\/wiki\/Transmission_%28Physik%29\" target=\"_blank\" rel=\"noopener noreferrer\">Transmission<\/a><\/p>\n<h2>Lichtfarbe<\/h2>\n<p>Farbeindruck der von Licht das direkt von einer selbstleuchtenden Lichtquelle stammt.<\/p>\n<p>Warm wei\u00df = unter 3000 \u00b0K<br \/>\nNeutral wei\u00df = 3300 \u2013 5300 \u00b0K<br \/>\nTageslicht wei\u00df = \u00fcber 5300 \u00b0K<\/p>\n<p>Quelle: <a href=\"https:\/\/de.wikipedia.org\/wiki\/Lichtfarbe\" target=\"_blank\" rel=\"noopener noreferrer\">Lichtfarbe<\/a><\/p>\n<h2>Farbwiedergabeindex<\/h2>\n<p>Ra oder engl. CRI (Color \u2013 Rendering \u2013 Index)<br \/>\nKennzahl einer photometrischen Gr\u00f6\u00dfe, die die Qualit\u00e4t der Farbwiedergabe von Lichtquellen gleicher korrelierter Farbtemperatur beschreibt.<\/p>\n<p><span style=\"border-left: 3px solid #ee2; padding-left: 10px; display: inline-block;\"><strong>Merke:<\/strong><br \/>\nDer Ra-Wert (CRI) ist eine fundamentale Gr\u00f6\u00dfe in der Lichttechnik, da dieser eine Qualit\u00e4tsaussage \u00fcber das Licht macht. In der Arbeitsst\u00e4ttenrichtlinie EN 12464 sind Ra oder CRI Werte vorgegeben, z.B.<\/span><\/p>\n<p>CRI 90+ in medizinisch genutzten R\u00e4umen<br \/>\nCRI 80+ im Office Bereich<\/p>\n<p>Quelle: <a href=\"https:\/\/de.wikipedia.org\/wiki\/Farbwiedergabeindex\" target=\"_blank\" rel=\"noopener noreferrer\">Farbwiedergabeindex<\/a><\/p>\n<h2>Leistung<\/h2>\n<p>Die elektrische Leistung wird in Watt angegeben.<\/p>\n<p>1 Volt (Spannung) x 1 Ampere (Strom) = 1 Watt<\/p>\n<p>Quelle: <a href=\"https:\/\/de.wikipedia.org\/wiki\/Leistung_%28Physik%29\" target=\"_blank\" rel=\"noopener noreferrer\">Leistung<\/a><\/p>\n<h2>Lumen \/ Watt<\/h2>\n<p>In der Lichttechnik auffallend bei der LED-Technologie wird gerne die Lumen \/ Watt beworben z.B. 100 Lumen \/ Watt.<\/p>\n<p><span style=\"border-left: 3px solid #ee2; padding-left: 10px; display: inline-block;\"><strong>Merke:<\/strong> Dieser Wert sagt nur etwas \u00fcber das Leuchtmittel (der verbauten LED) und nicht \u00fcber die Leuchte aus! Ohne Wirkungsgrad (LOR) der Leuchte ist es unm\u00f6glich R\u00fcckschl\u00fcsse auf die Effizienz des Produktes zu ziehen.<\/span><\/p>\n<h2>Allgemeine Begriffe in der LED-Technologie<\/h2>\n<h3>LED<\/h3>\n<p>\u201eLight-Emitting-Diode\u201c Halbleiter &#8211; ein elektronisches Bauelement<\/p>\n<h3>Power LED<\/h3>\n<p>LEDs in der Gr\u00f6\u00dfenordnung ab 1 Watt<\/p>\n<h3>LED Array<\/h3>\n<p>Ansammlung vieler LEDs mit geringer Leistung um die entstehende W\u00e4rme besser zu verteilen bzw. abzuleiten. LED-Arrays haben in der Regel schon von Hause aus ein Vielfaches an K\u00fchlfl\u00e4che als Power LEDs.<\/p>\n<h3>Wei\u00dfe LED<\/h3>\n<p>Wei\u00dfe LEDs sind urspr\u00fcnglich blaue LEDs mit einer dar\u00fcber befindlichen Lumineszenzschicht. Diese Schicht ist verantwortlich f\u00fcr den wei\u00dfen Farbton (warm wei\u00df bis Tageslicht wei\u00df) aber auch f\u00fcr den CRI, den Farbwiedergabeindex (siehe physische Grundbegriffe).<\/p>\n<h3>RGB LED<\/h3>\n<p>Das sind LEDs, die aus 3 unterschiedlichen Kristallen gefertigt werden, die wiederum 3 unterschiedliche Farben (rot \u2013 gr\u00fcn \u2013 blau) erzeugen. Mit spezieller Elektronik sind damit bis zu 2 Millionen Farben mischbar, auch alle vorstellbaren Wei\u00df-T\u00f6ne. Leistungstechnisch sind jedoch RGB-LEDs begrenzt.<br \/>\nQuelle: <a href=\"http:\/\/de.wikipedia.org\/wiki\/LED\">LED<\/a><\/p>\n<h3>Leuchtmittel<\/h3>\n<p>LEDs, Gl\u00fchlampen, R\u00f6hren, etc. sind elektrische Verbraucher mit dem Licht erzeugt werden kann.<br \/>\nQuelle: <a href=\"http:\/\/de.wikipedia.org\/wiki\/Leuchtmittel\">Leuchtmittel<\/a><\/p>\n<h3>Licht<\/h3>\n<p>Licht ist der f\u00fcr das Auge sichtbare Teil der elektromagnetischen Strahlung.<br \/>\n<a href=\"http:\/\/www.setolite.com\/wp-content\/uploads\/2019\/07\/das-fuer-menschen-sichbare-licht-spektrum.jpg\"><img decoding=\"async\" class=\"alignnone wp-image-330 size-medium\" src=\"http:\/\/www.setolite.com\/wp-content\/uploads\/2019\/07\/das-fuer-menschen-sichbare-licht-spektrum.jpg\" alt=\"Das f\u00fcr den Menschen sichtbare (Licht) Spektrum\" \/><\/a><\/p>\n<p>Quelle: <a href=\"http:\/\/de.wikipedia.org\/wiki\/Licht\">Licht<\/a><\/p>\n<h3>Kaltlicht<\/h3>\n<p>Licht mit stark reduziertem Infrarotanteil (bei LED-Beleuchtung ist das der Fall, jedoch gibt der LED-Kristall 50-80% W\u00e4rme ab, so dass ab ca. 1 W mit K\u00fchlrippen oder aktiver K\u00fchlung (L\u00fcfter) gearbeitet werden muss).<br \/>\nQuelle: <a href=\"http:\/\/de.wikipedia.org\/wiki\/Kaltlicht\">Kaltlicht<\/a><\/p>\n<h3>Lebensdauer<\/h3>\n<p>In der LED-Technologie wird die mittlere Lebensdauer der LED in der Regel mit 50.000 Stunden angegeben, d.h. dass nach dieser Zeit der Lichtstrom im Mittel auf 70% des Anfangswerts abgesunken ist.<br \/>\nQuelle: <a href=\"https:\/\/de.wikipedia.org\/wiki\/Leuchtdiode#Lebensdauer_in_Einschaltstunden\">Lebensdauer_in_Einschaltstunden<\/a><\/p>\n<h3>Effizienz<\/h3>\n<p>steht f\u00fcr Sparsamkeit, Qualit\u00e4t, Wirtschaftlichkeit<br \/>\nQuelle: <a href=\"https:\/\/de.wikipedia.org\/wiki\/Energieeffizienz\">Energieeffizienz<\/a><\/p>\n<h3>Energieeffizienz<\/h3>\n<p>steht f\u00fcr Wirksamkeit, Effektivit\u00e4t (Ma\u00df der Wirksamkeit, Wirkungsgrad)<br \/>\nQuelle: <a href=\"https:\/\/de.wikipedia.org\/wiki\/Energieeffizienz\">Energieeffizienz<\/a><\/p>\n<h3>Lichtverschmutzung<\/h3>\n<p>Bezeichnet die Aufhellung des Nachthimmels durch Lichtquellen. Neben dem unn\u00f6tigen Energieverbrauch der immens hoch ist, teilweise \u00fcber 50%, da das Licht nicht gerichtet ist und frei in den Himmel strahlt, hat es auch gewaltige negative Wirkungen auf lebende Organismen.<br \/>\nQuelle: <a href=\"https:\/\/de.wikipedia.org\/wiki\/Lichtverschmutzung\">Lichtverschmutzung<\/a><\/p>\n","protected":false},"excerpt":{"rendered":"<p>Physikalische Grundbegriffe Licht \u2013 Luminare \u2013 elektromagnetische Welle Im sichtbaren Bereich herrschen 380 nm und 780 nm die sich mit Lichtgeschwindigkeit von 299792458 m\/s ausbreiten. Quelle: Licht Lichtstrom Engl. Luminous Flux gibt an, welche Lichtmenge von einer Lichtquelle (Leuchtmittel) in der Zeiteinheit erzeugt wird. Seine Si-Einheit ist das Lumen. Merke: Lumen (Lichtstrom) kann nur durch &hellip; <\/p>\n<p class=\"link-more\"><a href=\"https:\/\/www.setolite.com\/de\/physikalische-grundbegriffe-allgemeine-begriffe-in-der-led-technologie\/\" class=\"more-link\"><span class=\"screen-reader-text\">\u201ePhysikalische Grundbegriffe  &#038; Allgemeine Begriffe in der LED-Technologie\u201c<\/span> weiterlesen<\/a><\/p>\n","protected":false},"author":1,"featured_media":0,"parent":0,"menu_order":0,"comment_status":"closed","ping_status":"closed","template":"","meta":{"footnotes":""},"class_list":["post-17","page","type-page","status-publish","hentry"],"_links":{"self":[{"href":"https:\/\/www.setolite.com\/de\/wp-json\/wp\/v2\/pages\/17","targetHints":{"allow":["GET"]}}],"collection":[{"href":"https:\/\/www.setolite.com\/de\/wp-json\/wp\/v2\/pages"}],"about":[{"href":"https:\/\/www.setolite.com\/de\/wp-json\/wp\/v2\/types\/page"}],"author":[{"embeddable":true,"href":"https:\/\/www.setolite.com\/de\/wp-json\/wp\/v2\/users\/1"}],"replies":[{"embeddable":true,"href":"https:\/\/www.setolite.com\/de\/wp-json\/wp\/v2\/comments?post=17"}],"version-history":[{"count":4,"href":"https:\/\/www.setolite.com\/de\/wp-json\/wp\/v2\/pages\/17\/revisions"}],"predecessor-version":[{"id":21510,"href":"https:\/\/www.setolite.com\/de\/wp-json\/wp\/v2\/pages\/17\/revisions\/21510"}],"wp:attachment":[{"href":"https:\/\/www.setolite.com\/de\/wp-json\/wp\/v2\/media?parent=17"}],"curies":[{"name":"wp","href":"https:\/\/api.w.org\/{rel}","templated":true}]}}