{"id":20,"date":"2019-07-18T11:55:28","date_gmt":"2019-07-18T09:55:28","guid":{"rendered":"http:\/\/localhost\/setolite2019\/de\/qualitaetspolitik\/"},"modified":"2024-01-09T16:01:31","modified_gmt":"2024-01-09T15:01:31","slug":"qualitaetspolitik","status":"publish","type":"page","link":"https:\/\/www.setolite.com\/de\/qualitaetspolitik\/","title":{"rendered":"Qualit\u00e4tspolitik"},"content":{"rendered":"<p><a href=\"https:\/\/www.setolite.com\/de\/wp-content\/uploads\/sites\/2\/2023\/08\/020024-100-DE-Zert-scaled.jpg\"><img loading=\"lazy\" decoding=\"async\" class=\"alignleft wp-image-172 size-medium tuev-zertifkikat-gross\" src=\"https:\/\/www.setolite.com\/de\/wp-content\/uploads\/sites\/2\/2023\/08\/020024-100-DE-Zert-scaled.jpg\" alt=\"\" width=\"192\" height=\"300\" \/><\/a><strong>SETOLITE steht f\u00fcr Qualit\u00e4t<\/strong> \u2013<br \/>\nunsere L\u00f6sungen versprechen Leistungsf\u00e4higkeit, Flexibilit\u00e4t und nachhaltige Langlebigkeit.<\/p>\n<p>Um diesem Anspruch gerecht zu werden, verbessern wir uns kontinuierlich.<br \/>\nWir sind nah bei unseren Kunden und lassen uns dadurch immer neu herausfordern.<\/p>\n<p>Unsere Lieferanten sind langj\u00e4hrige Partner, die unsere Flexibilit\u00e4t mittragen und gezeigt haben, dass sie unserem hohen Standard entsprechen.<\/p>\n<p><a href=\"https:\/\/www.setolite.com\/de\/wp-content\/uploads\/sites\/2\/2023\/08\/020024-104-DE-Zert-scaled.jpg\"><img loading=\"lazy\" decoding=\"async\" class=\"alignright wp-image-172 size-medium tuev-zertifkikat-gross\" src=\"https:\/\/www.setolite.com\/de\/wp-content\/uploads\/sites\/2\/2023\/08\/020024-104-DE-Zert-scaled.jpg\" alt=\"\" width=\"192\" height=\"300\" \/><\/a><\/p>\n<p>Alle relevanten Teile werden in angemessenem Ma\u00df \u00fcberpr\u00fcft. So gew\u00e4hrleisten wir gleichbleibend hohe Qualit\u00e4t und vermeiden Ausschuss. Unsere Produkte erfahren eine 100%ige Endpr\u00fcfung \u2013 f\u00fcr maximale\u00a0 Produktsicherheit.<\/p>\n<p>Unsere Mitarbeiter werden in unseren Prozessen, f\u00fcr neue Produkte und auf neuen Maschinen geschult. Sie bilden das Fundament unserer Leistung.<\/p>\n<p>Wir verfolgen aktuelle Trends und setzen die neuesten Technologien in Produkte um, die den Markt qualitativ bereichern.<\/p>\n<p>Die selbstauferlegte und regelm\u00e4\u00dfig durchgef\u00fchrte Zertifizierung nach DIN ISO 9001:2015 und DIN ISO 14001:2015 durch den T\u00dcV Rheinland gew\u00e4hrleistet Transparenz f\u00fcr unsere Partner.<\/p>\n","protected":false},"excerpt":{"rendered":"<p>SETOLITE steht f\u00fcr Qualit\u00e4t \u2013 unsere L\u00f6sungen versprechen Leistungsf\u00e4higkeit, Flexibilit\u00e4t und nachhaltige Langlebigkeit. Um diesem Anspruch gerecht zu werden, verbessern wir uns kontinuierlich. Wir sind nah bei unseren Kunden und lassen uns dadurch immer neu herausfordern. Unsere Lieferanten sind langj\u00e4hrige Partner, die unsere Flexibilit\u00e4t mittragen und gezeigt haben, dass sie unserem hohen Standard entsprechen. Alle &hellip; <\/p>\n<p class=\"link-more\"><a href=\"https:\/\/www.setolite.com\/de\/qualitaetspolitik\/\" class=\"more-link\"><span class=\"screen-reader-text\">\u201eQualit\u00e4tspolitik\u201c<\/span> weiterlesen<\/a><\/p>\n","protected":false},"author":1,"featured_media":0,"parent":0,"menu_order":0,"comment_status":"closed","ping_status":"closed","template":"","meta":{"footnotes":""},"class_list":["post-20","page","type-page","status-publish","hentry"],"_links":{"self":[{"href":"https:\/\/www.setolite.com\/de\/wp-json\/wp\/v2\/pages\/20","targetHints":{"allow":["GET"]}}],"collection":[{"href":"https:\/\/www.setolite.com\/de\/wp-json\/wp\/v2\/pages"}],"about":[{"href":"https:\/\/www.setolite.com\/de\/wp-json\/wp\/v2\/types\/page"}],"author":[{"embeddable":true,"href":"https:\/\/www.setolite.com\/de\/wp-json\/wp\/v2\/users\/1"}],"replies":[{"embeddable":true,"href":"https:\/\/www.setolite.com\/de\/wp-json\/wp\/v2\/comments?post=20"}],"version-history":[{"count":9,"href":"https:\/\/www.setolite.com\/de\/wp-json\/wp\/v2\/pages\/20\/revisions"}],"predecessor-version":[{"id":15716,"href":"https:\/\/www.setolite.com\/de\/wp-json\/wp\/v2\/pages\/20\/revisions\/15716"}],"wp:attachment":[{"href":"https:\/\/www.setolite.com\/de\/wp-json\/wp\/v2\/media?parent=20"}],"curies":[{"name":"wp","href":"https:\/\/api.w.org\/{rel}","templated":true}]}}