{"id":21,"date":"2019-07-18T11:52:40","date_gmt":"2019-07-18T09:52:40","guid":{"rendered":"http:\/\/localhost\/setolite2019\/de\/ip-schutzart-codes\/"},"modified":"2024-01-09T16:01:31","modified_gmt":"2024-01-09T15:01:31","slug":"ip-schutzart-codes","status":"publish","type":"page","link":"https:\/\/www.setolite.com\/de\/ip-schutzart-codes\/","title":{"rendered":"IP Schutzart \/ Codes"},"content":{"rendered":"<p>Was ist eigentlich diese IP Schutzart, bzw. IP Codes?<\/p>\n<p>Gesch\u00fctzte Systeme werden bez\u00fcglich ihrer Eignung f\u00fcr verschiedene Umgebungsbedingungen in IP-Codes eingeteilt. Ausgeschrieben steht die Abk\u00fcrzung IP f\u00fcr &#8222;International Protection&#8220;. Die IP Schutzart definiert den Schutzgrad des Geh\u00e4uses gegen Ber\u00fchrung, Fremdk\u00f6rper und Wasser und setzt sich wie folgt zusammen.<\/p>\n<p>IP<em>XY,<\/em> wobei das <em>X <\/em>f\u00fcr &#8222;Schutz gegen Fremdk\u00f6rper und Schutz gegen Ber\u00fchrung&#8220; und das <em>Y<\/em> f\u00fcr &#8222;Schutz gegen Wasser&#8220; stehen.<\/p>\n<h2>1. Kennziffer (<em>X<\/em>)<\/h2>\n<table class=\"table table-striped\">\n<tbody>\n<tr>\n<th class=\"align-bottom\"><strong>DIN 40 050 Teil&nbsp;9<\/strong><\/th>\n<th class=\"align-bottom\"><strong>DIN EN 60529<\/strong><\/th>\n<th class=\"align-bottom\"><strong>Schutz gegen Fremdk\u00f6rper<\/strong><\/th>\n<th class=\"align-bottom\"><strong>Schutz gegen Ber\u00fchrung<\/strong><\/th>\n<\/tr>\n<tr>\n<td align=\"center\">0<\/td>\n<td align=\"center\">0<\/td>\n<td>kein Schutz<\/td>\n<td>kein Schutz<\/td>\n<\/tr>\n<tr>\n<td align=\"center\">1<\/td>\n<td align=\"center\">1<\/td>\n<td>Gesch\u00fctzt gegen feste Fremdk\u00f6rper mit Durchmesser ab 50 mm<\/td>\n<td>Gesch\u00fctzt gegen den Zugang mit dem Handr\u00fccken<\/td>\n<\/tr>\n<tr>\n<td align=\"center\">2<\/td>\n<td align=\"center\">2<\/td>\n<td>Gesch\u00fctzt gegen feste Fremdk\u00f6rper mit Durchmesser ab 12,5 mm<\/td>\n<td>Gesch\u00fctzt gegen den Zugang mit einem Finger<\/td>\n<\/tr>\n<tr>\n<td align=\"center\">3<\/td>\n<td align=\"center\">3<\/td>\n<td>Gesch\u00fctzt gegen feste Fremdk\u00f6rper mit Durchmesser ab 2,5 mm<\/td>\n<td>Gesch\u00fctzt gegen den Zugang mit einem Werkzeug<\/td>\n<\/tr>\n<tr>\n<td align=\"center\">4<\/td>\n<td align=\"center\">4<\/td>\n<td>Gesch\u00fctzt gegen feste Fremdk\u00f6rper mit Durchmesser ab 1,0 mm<\/td>\n<td>Gesch\u00fctzt gegen den Zugang mit einem Draht<\/td>\n<\/tr>\n<tr>\n<td align=\"center\">5K<\/td>\n<td align=\"center\">5<\/td>\n<td>Gesch\u00fctzt gegen Staub in sch\u00e4digender Menge<\/td>\n<td>vollst\u00e4ndiger Schutz gegen Ber\u00fchrung<\/td>\n<\/tr>\n<tr>\n<td align=\"center\">6K<\/td>\n<td align=\"center\">6<\/td>\n<td>Staubdicht<\/td>\n<td>vollst\u00e4ndiger Schutz gegen Ber\u00fchrung<\/td>\n<\/tr>\n<\/tbody>\n<\/table>\n<h2>2. Kennziffer (<em>Y<\/em>)<\/h2>\n<table class=\"table table-striped\">\n<tbody>\n<tr>\n<th class=\"align-bottom\"><strong>DIN 40 050 Teil&nbsp;9<\/strong><\/th>\n<th class=\"align-bottom\"><strong>DIN EN 60529<\/strong><\/th>\n<th class=\"align-bottom\"><strong>Schutz gegen Wasser<\/strong><\/th>\n<\/tr>\n<tr>\n<td align=\"center\">0<\/td>\n<td align=\"center\">0<\/td>\n<td>kein Schutz<\/td>\n<\/tr>\n<tr>\n<td align=\"center\">1<\/td>\n<td align=\"center\">1<\/td>\n<td>Schutz gegen senkrecht fallendes Tropfwasser<\/td>\n<\/tr>\n<tr>\n<td align=\"center\">2<\/td>\n<td align=\"center\">2<\/td>\n<td>Schutz gegen fallendes Tropfwasser, wenn das Geh\u00e4use bis zu 15\u00b0 geneigt ist<\/td>\n<\/tr>\n<tr>\n<td align=\"center\">3<\/td>\n<td align=\"center\">3<\/td>\n<td>Schutz gegen fallendes Spr\u00fchwasser bis 60\u00b0 gegen die Senkrechte<\/td>\n<\/tr>\n<tr>\n<td align=\"center\">4<\/td>\n<td align=\"center\">4<\/td>\n<td>Schutz gegen allseitiges Spritzwasser<\/td>\n<\/tr>\n<tr>\n<td align=\"center\">4K<\/td>\n<td align=\"center\"><\/td>\n<td>Schutz gegen allseitiges Spritzwasser mit erh\u00f6htem Druck<\/td>\n<\/tr>\n<tr>\n<td align=\"center\">5<\/td>\n<td align=\"center\">5<\/td>\n<td>Schutz gegen Strahlwasser (D\u00fcse) aus beliebigem Winkel<\/td>\n<\/tr>\n<tr>\n<td align=\"center\">6<\/td>\n<td align=\"center\">6<\/td>\n<td>Schutz gegen starkes Strahlwasser<\/td>\n<\/tr>\n<tr>\n<td align=\"center\">6K<\/td>\n<td align=\"center\"><\/td>\n<td>Schutz gegen starkes Strahlwasser unter erh\u00f6htem Druck, spezifisch f\u00fcr Stra\u00dfenfahrzeuge<\/td>\n<\/tr>\n<tr>\n<td align=\"center\">7<\/td>\n<td align=\"center\">7<\/td>\n<td>Schutz gegen zeitweiliges Untertauchen<\/td>\n<\/tr>\n<tr>\n<td align=\"center\">8<\/td>\n<td align=\"center\">8<\/td>\n<td>Schutz gegen dauerndes Untertauchen<\/td>\n<\/tr>\n<tr>\n<td align=\"center\">9K<\/td>\n<td align=\"center\"><\/td>\n<td>Schutz gegen Wasser bei Hochdruck-\/Dampfstrahlreinigung, spezifisch f\u00fcr Stra\u00dfenfahrzeuge<\/td>\n<\/tr>\n<\/tbody>\n<\/table>\n","protected":false},"excerpt":{"rendered":"<p>Was ist eigentlich diese IP Schutzart, bzw. IP Codes? Gesch\u00fctzte Systeme werden bez\u00fcglich ihrer Eignung f\u00fcr verschiedene Umgebungsbedingungen in IP-Codes eingeteilt. Ausgeschrieben steht die Abk\u00fcrzung IP f\u00fcr &#8222;International Protection&#8220;. Die IP Schutzart definiert den Schutzgrad des Geh\u00e4uses gegen Ber\u00fchrung, Fremdk\u00f6rper und Wasser und setzt sich wie folgt zusammen. IPXY, wobei das X f\u00fcr &#8222;Schutz gegen &hellip; <\/p>\n<p class=\"link-more\"><a href=\"https:\/\/www.setolite.com\/de\/ip-schutzart-codes\/\" class=\"more-link\"><span class=\"screen-reader-text\">\u201eIP Schutzart \/ Codes\u201c<\/span> weiterlesen<\/a><\/p>\n","protected":false},"author":1,"featured_media":0,"parent":0,"menu_order":0,"comment_status":"closed","ping_status":"closed","template":"","meta":{"footnotes":""},"class_list":["post-21","page","type-page","status-publish","hentry"],"_links":{"self":[{"href":"https:\/\/www.setolite.com\/de\/wp-json\/wp\/v2\/pages\/21","targetHints":{"allow":["GET"]}}],"collection":[{"href":"https:\/\/www.setolite.com\/de\/wp-json\/wp\/v2\/pages"}],"about":[{"href":"https:\/\/www.setolite.com\/de\/wp-json\/wp\/v2\/types\/page"}],"author":[{"embeddable":true,"href":"https:\/\/www.setolite.com\/de\/wp-json\/wp\/v2\/users\/1"}],"replies":[{"embeddable":true,"href":"https:\/\/www.setolite.com\/de\/wp-json\/wp\/v2\/comments?post=21"}],"version-history":[{"count":2,"href":"https:\/\/www.setolite.com\/de\/wp-json\/wp\/v2\/pages\/21\/revisions"}],"predecessor-version":[{"id":15957,"href":"https:\/\/www.setolite.com\/de\/wp-json\/wp\/v2\/pages\/21\/revisions\/15957"}],"wp:attachment":[{"href":"https:\/\/www.setolite.com\/de\/wp-json\/wp\/v2\/media?parent=21"}],"curies":[{"name":"wp","href":"https:\/\/api.w.org\/{rel}","templated":true}]}}